{"id":4611,"date":"2022-09-11T13:57:17","date_gmt":"2022-09-11T13:57:17","guid":{"rendered":"http:\/\/przedszkole263.edu.pl\/?page_id=4611"},"modified":"2025-09-01T15:26:09","modified_gmt":"2025-09-01T15:26:09","slug":"opieka-specjalistyczna-pomoc-psychologiczno-pedagogiczna","status":"publish","type":"page","link":"https:\/\/przedszkole263.edu.pl\/index.php\/oferta-edukacyjna\/opieka-specjalistyczna-pomoc-psychologiczno-pedagogiczna\/","title":{"rendered":"Opieka specjalistyczna, pomoc psychologiczno \u2013 pedagogiczna"},"content":{"rendered":"\t\t<div data-elementor-type=\"wp-page\" data-elementor-id=\"4611\" class=\"elementor elementor-4611\">\n\t\t\t\t\t\t\t\t\t<section class=\"elementor-section elementor-top-section elementor-element elementor-element-3208132 elementor-section-boxed elementor-section-height-default elementor-section-height-default\" data-id=\"3208132\" data-element_type=\"section\">\n\t\t\t\t\t\t<div class=\"elementor-container elementor-column-gap-default\">\n\t\t\t\t\t<div class=\"elementor-column elementor-col-100 elementor-top-column elementor-element elementor-element-4e2fda8\" data-id=\"4e2fda8\" data-element_type=\"column\">\n\t\t\t<div class=\"elementor-widget-wrap elementor-element-populated\">\n\t\t\t\t\t\t\t\t<div class=\"elementor-element elementor-element-14d64ad elementor-widget elementor-widget-text-editor\" data-id=\"14d64ad\" data-element_type=\"widget\" data-widget_type=\"text-editor.default\">\n\t\t\t\t<div class=\"elementor-widget-container\">\n\t\t\t<style>\/*! elementor - v3.16.0 - 09-10-2023 *\/\n.elementor-widget-text-editor.elementor-drop-cap-view-stacked .elementor-drop-cap{background-color:#69727d;color:#fff}.elementor-widget-text-editor.elementor-drop-cap-view-framed .elementor-drop-cap{color:#69727d;border:3px solid;background-color:transparent}.elementor-widget-text-editor:not(.elementor-drop-cap-view-default) .elementor-drop-cap{margin-top:8px}.elementor-widget-text-editor:not(.elementor-drop-cap-view-default) .elementor-drop-cap-letter{width:1em;height:1em}.elementor-widget-text-editor .elementor-drop-cap{float:left;text-align:center;line-height:1;font-size:50px}.elementor-widget-text-editor .elementor-drop-cap-letter{display:inline-block}<\/style>\t\t\t\t<h1 style=\"text-align: center;\" data-wahfont=\"24\"><span style=\"font-family: arial, helvetica, sans-serif;\"><strong><span style=\"color: #008000;\" data-wahfont=\"24\">NASZE PRZEDSZKOLE ZAPEWNIA DZIECIOM<br \/>POMOC PSYCHOLOGICZNO \u2013 PEDAGOGICZN\u0104<\/span><\/strong><\/span><\/h1><h6 style=\"text-align: justify;\" data-wahfont=\"18\"><span style=\"font-family: arial, helvetica, sans-serif;\"><span style=\"color: #ff0000;\" data-wahfont=\"18\"><strong>POMOC UDZIELANA JEST PRZEZ NAUCZYCIELI WYCHOWAWC\u00d3W WE WSP\u00d3\u0141PRACY ZE SPECJALISTAMI: <\/strong><\/span><span style=\"color: #ff0000;\"><strong>LOGOPED\u0104, PEDAGOGIEM SPECJALNYM, PSYCHOLOGIEM ZATRUDNIONYM W PRZEDSZKOLU I PSYCHOLOGIEM Z ZESPO\u0141U PORADNI PSYCHOLOGICZNO &#8211; PEDAGOGICZNYCH NR 1.<\/strong><\/span><\/span><\/h6><h2 style=\"text-align: center;\" data-wahfont=\"16\"><span style=\"color: #3366ff;\"><span style=\"font-family: arial, helvetica, sans-serif;\"><strong>LOGOPEDA<\/strong><\/span><\/span><\/h2><h2 style=\"text-align: center;\" data-wahfont=\"14\"><span data-wahfont=\"14\"><strong><span style=\"color: #ff6600; font-family: arial, helvetica, sans-serif;\">Pani Katarzyna Horabik<\/span><\/strong><\/span><\/h2><p style=\"text-align: left;\" data-wahfont=\"14\"><span data-wahfont=\"14\"><strong><span style=\"color: #ff6600; font-family: arial, helvetica, sans-serif;\"><span style=\"color: #0000ff;\">pracuje w przedszkolu w:\u00a0<\/span><br \/><span style=\"color: #ff0000;\">poniedzia\u0142ki: <span style=\"color: #000000;\">w godz. 08.00 &#8211; 11.30<\/span><\/span><br \/><span style=\"color: #ff0000;\">wtorki:\u00a0 \u00a0 \u00a0 \u00a0 \u00a0 \u00a0<span style=\"color: #000000;\">w godz. 08.00 &#8211; 11.30<\/span><br \/>\u015brody:\u00a0 \u00a0 \u00a0 \u00a0 \u00a0 \u00a0 <span style=\"color: #000000;\">w godz. 14.15 &#8211; 16.45<\/span><br \/>czwartki:\u00a0 \u00a0 \u00a0 \u00a0<span style=\"color: #000000;\">w godz.\u00a013.15 &#8211; 16.45<\/span><br \/>pi\u0105tki:\u00a0 \u00a0 \u00a0 \u00a0 \u00a0 \u00a0 <span style=\"color: #000000;\">w godz.<\/span>\u00a0<span style=\"color: #000000;\">13.15 &#8211; 15.15<\/span><br \/><br \/><\/span><\/span><\/strong><\/span><\/p><div id=\"content-main\" class=\"clearfix content-main col-md-7 col-md-push-2\"><div id=\"post-86\" class=\"clearfix post post-86 page type-page status-publish hentry nodate item-wrap\"><div class=\"entry clearfix\"><div style=\"text-align: justify;\">Do terapii logopedycznej, dzieci s\u0105 kwalifikowane na podstawie przesiewowych bada\u0144 logopedycznych, prowadzanych we wrze\u015bniu ka\u017cdego roku.<\/div><p style=\"text-align: justify;\" data-wahfont=\"16\">Przedszkolny logopeda, systematycznie prowadzi z dzie\u0107mi zaj\u0119cia, dzi\u0119ki kt\u00f3rym znacznie poprawia si\u0119 stan ich mowy. Zaj\u0119cia maj\u0105 charakter indywidualnych spotka\u0144 raz w tygodniu i obejmuj\u0105:<\/p><div><ol><li style=\"text-align: justify;\">\u0107wiczenia oddechowe maj\u0105ce na celu zwi\u0119kszenie pojemno\u015bci p\u0142uc i wyd\u0142u\u017cenie fazy wydechowej,<\/li><li style=\"text-align: justify;\">\u0107wiczenia usprawniaj\u0105ce aparat artykulacyjny,<\/li><li style=\"text-align: justify;\">\u0107wiczenia s\u0142uchowe maj\u0105ce na celu wprowadzenie i utrwalenie prawid\u0142owego wzorca s\u0142uchowego g\u0142osek i ich w\u0142a\u015bciwe r\u00f3\u017cnicowanie,<\/li><li style=\"text-align: justify;\">utrwalanie prawid\u0142owej artykulacji g\u0142osek w izolacji, sylabach, wyrazach w r\u00f3\u017cnych pozycjach, zdaniach, d\u0142u\u017cszych wypowiedziach i mowie spontanicznej.<\/li><li style=\"list-style-type: none; text-align: justify;\">\u00a0<\/li><\/ol><\/div><p style=\"text-align: justify;\" data-wahfont=\"16\">Wszystkie dzieci, uczestnicz\u0105 w zaj\u0119ciach ortofoniczno \u2013 logorytmicznych, kt\u00f3re prowadz\u0105 nauczycielki w grupach.<\/p><h2 style=\"text-align: center;\" data-wahfont=\"24\"><span style=\"color: #3366ff; font-family: arial, helvetica, sans-serif;\"><strong>PSYCHOLOG<\/strong><\/span><\/h2><h4 style=\"text-align: center;\"><span style=\"color: #ff6600; font-family: arial, helvetica, sans-serif;\"><strong>Julia Belniak<\/strong><\/span><\/h4><p><span data-wahfont=\"14\"><strong><span style=\"color: #0000ff;\">pracuje w przedszkolu w:\u00a0<\/span><br \/><span style=\"color: #ff0000;\">\u015brody:\u00a0 \u00a0<\/span> \u00a0 \u00a0 \u00a0 \u00a0 w godz. <span style=\"font-family: arial, helvetica, sans-serif;\">08.30 &#8211; 15.00<\/span><br \/><span style=\"color: #ff0000;\">czwartki:\u00a0<\/span> \u00a0 \u00a0 w godz. <span style=\"font-family: arial, helvetica, sans-serif;\">13.00 &#8211; 15.30<\/span><br \/><br \/><\/strong><\/span><\/p><h2 style=\"text-align: center;\" data-wahfont=\"24\"><span style=\"color: #3366ff; font-family: arial, helvetica, sans-serif;\"><strong> PEDAGOG SPECJALNY<br \/><\/strong><\/span><\/h2><h4 style=\"text-align: center;\"><span style=\"color: #ff6600;\"><strong><span style=\"font-family: arial, helvetica, sans-serif;\">Pani Monika Szemendera<\/span><br \/><\/strong><\/span><\/h4><p style=\"text-align: left;\"><span data-wahfont=\"16\"><strong><span style=\"color: #ff0000;\"><span style=\"color: #0000ff;\">pracuje w przedszkolu w:<\/span>\u00a0<\/span><br \/><span style=\"color: #ff0000;\">wtorek:\u00a0<\/span> \u00a0 \u00a0 \u00a0 \u00a0 \u00a0 w godz. 08.00 &#8211; 11.00<br \/><span style=\"color: #ff0000;\">\u015broda:\u00a0<\/span> \u00a0 \u00a0 \u00a0 \u00a0 \u00a0 \u00a0 w godz. 13.00 &#8211; 16.00<br \/><span style=\"color: #ff0000;\">czwartek:\u00a0<\/span> \u00a0 \u00a0 \u00a0w godz. 13.00 &#8211; 16.00<\/strong><\/span><\/p><p>\u00a0<\/p><\/div><div class=\"entry clearfix\"><h2 style=\"text-align: center;\" data-wahfont=\"24\"><span style=\"color: #3366ff; font-family: arial, helvetica, sans-serif;\"><strong>PSYCHOLOG WSP\u00d3\u0141PRACUJ\u0104CY Z PRZEDSZKOLEM W RAMACH WSP\u00d3\u0141PRACY Z ZESPO\u0141EM PORADNI PSYCHOLOGICZNO &#8211; PEDAGOGICZNYCH NR 1<br \/><\/strong><\/span><\/h2><h4 style=\"text-align: center;\" data-wahfont=\"14\"><span data-wahfont=\"14\"><strong><span style=\"color: #ff6600; font-family: arial, helvetica, sans-serif;\">Pani Katarzyna Bi\u0144czyk<\/span><br \/><\/strong><\/span><\/h4><p style=\"text-align: justify;\" data-wahfont=\"16\"><span data-wahfont=\"16\"><strong>Pani Katarzyna Bi\u0144czyk, jest do dyspozycji rodzic\u00f3w i nauczycieli na terenie Zespo\u0142u Poradni Psychologiczno \u2013 Pedagogicznych Nr 1 przy ul. Zawiszy 13<\/strong><strong>w<\/strong>:<\/span><\/p><p style=\"text-align: justify;\" data-wahfont=\"16\">poniedzia\u0142ki:\u00a0\u00a0 w godz.\u00a0\u00a0\u00a0 9<sup>00<\/sup>\u00a0\u2013 13<sup>00<\/sup><br \/>wtorki\u00a0\u00a0\u00a0\u00a0\u00a0\u00a0\u00a0\u00a0\u00a0\u00a0\u00a0 \u00a0\u00a0 w godz. 15<sup>00<\/sup>\u00a0\u2013 19<sup>00<br \/><\/sup>\u015brody:\u00a0 \u00a0\u00a0\u00a0\u00a0\u00a0\u00a0\u00a0\u00a0\u00a0\u00a0\u00a0\u00a0 w godz. 10<sup>00<\/sup>\u00a0\u2013 14<sup>00<br \/><\/sup>czwartki:\u00a0\u00a0\u00a0\u00a0\u00a0\u00a0 \u00a0\u00a0 w godz. 15<sup>00<\/sup>\u00a0\u2013 19<sup>00<\/sup>\u00a0\u00a0<br \/>pi\u0105tki:\u00a0\u00a0\u00a0\u00a0\u00a0\u00a0\u00a0\u00a0\u00a0\u00a0 \u00a0 \u00a0 w godz. tzw. dzie\u0144 terenowy<br \/><span style=\"color: #ff0000;\"><strong>Rodzice zainteresowani porad\u0105 psychologa, b\u0105d\u017a spotkaniem, proszeni s\u0105 o kontakt telefoniczny z Pani\u0105 Kasi\u0105:<\/strong><\/span><\/p><p data-wahfont=\"16\"><strong>tel. do Poradni:\u00a0\u00a0\u00a0\u00a0\u00a0\u00a0\u00a0\u00a0<span data-wahfont=\"16\">22 631 08 23<\/span><br \/><\/strong><\/p><p style=\"text-align: justify;\" data-wahfont=\"16\"><strong><span style=\"color: #ff0000;\">Ponadto, Pani Katarzyna w ramach wsparcia psychologicznego naszego przedszkola odwiedza nas w drugi pi\u0105tek ka\u017cdego miesi\u0105ca.<\/span><\/strong><\/p><h2 class=\"entry-content clearfix\" style=\"text-align: center;\"><span style=\"color: #3366ff; font-family: arial, helvetica, sans-serif;\" data-wahfont=\"18\"><strong>OPIEKA UDZIELANA PRZEZ NAUCZYCIELI<br \/>WE WSP\u00d3\u0141PRACY ZE SPECJALISTAMI I RODZICAMI<\/strong><\/span><\/h2><div class=\"entry-content clearfix\" style=\"text-align: center;\"><p style=\"text-align: justify;\" data-wahfont=\"16\">Zgodnie z przepisami dotycz\u0105cymi prawa o\u015bwiatowego, pierwszymi osobami,\u00a0kt\u00f3re reaguj\u0105 na agresywne zachowanie dziecka s\u0105 nauczycielki przedszkola, kt\u00f3rym dyrektor przedszkola powierzy\u0142 obowi\u0105zki wychowawcy danej grupy.<\/p><p style=\"text-align: justify;\" data-wahfont=\"16\">Zauwa\u017cenie przez nauczycielki u dziecka trudno\u015bci w zakresie rozwoju poznawczego, emocjonalnego, b\u0105d\u017a niepokoj\u0105cego zachowania, jak np. powtarzalne, agresywne zachowanie dziecka, skutkuje prowadzeniem sta\u0142ej obserwacji funkcjonowania dziecka\u00a0w przedszkolu w r\u00f3\u017cnych sytuacjach, w celu poznania przyczyny trudno\u015bci.<br \/>W przypadku wyst\u0119powania u dziecka przejaw\u00f3w agresji i podejrzenia, \u017ce agresja, nie stanowi tylko przej\u015bciowej reakcji dziecka na konieczno\u015b\u0107 gwa\u0142townej adaptacji do nowego \u015brodowiska i nieznanych wcze\u015bniej bod\u017ac\u00f3w, niezw\u0142ocznie podejmowana jest decyzja o obj\u0119ciu dziecka i jego rodziny pomoc\u0105 psychologiczno \u2013 pedagogiczn\u0105 oraz rozpocz\u0119ciu udzielania dziecku tej pomocy w trakcie bie\u017c\u0105cej pracy nauczycielek z dzieckiem.<\/p><p style=\"text-align: justify;\" data-wahfont=\"16\">W realizacj\u0119 pomocy psychologiczno \u2013 pedagogicznej, zaanga\u017cowani s\u0105 dyrektor przedszkola, nauczycielki, specjali\u015bci oraz rodzice dziecka. Aby oddzia\u0142ywania przedszkola sta\u0142y si\u0119 skuteczne, rodzice zobowi\u0105zani s\u0105 do sta\u0142ej wsp\u00f3\u0142pracy w tym zakresie.<\/p><p style=\"text-align: justify;\" data-wahfont=\"16\">Planuj\u0105c udzielanie dziecku pomocy psychologiczno-pedagogicznej, dyrektor przedszkola, wychowawcy grupy oraz rodzice dziecka, podejmuj\u0105 wsp\u00f3\u0142prac\u0119 ze specjalistami pracuj\u0105cymi w przedszkolu, poradni\u0105 psychologiczno-pedagogiczn\u0105 lub innymi specjalistami. Wsp\u00f3\u0142praca ta ukierunkowana jest na zbadanie i zrozumienie pod\u0142o\u017ca trudno\u015bci dziecka a w przypadku agresji dodatkowo minimalizowania skutk\u00f3w zaburze\u0144 zachowania.<br \/>W ramach w\/w. wsp\u00f3\u0142pracy, inicjowana jest realizacja r\u00f3\u017cnych form pomocy dziecku i jego rodzinie w \u015brodowisku przedszkolnym i pozaprzedszkolnym.<br \/>W oczekiwaniu na diagnoz\u0119, praca z dzieckiem w przedszkolu, polega m.in. na organizowaniu \u015brodowiska wychowawczo \u2013 poznawczego w taki spos\u00f3b, aby stymulowa\u0142o ono rozw\u00f3j dziecka stosownie do jego potrzeb i mo\u017cliwo\u015bci rozwojowych. Ponadto, praca pedagog\u00f3w polega na zapewnieniu dziecku poczucia bezpiecze\u0144stwa, zainteresowania i uwagi oraz mo\u017cliwo\u015bci wy\u0142adowania nadmiaru energii, m.in. poprzez stwarzanie okazji do r\u00f3\u017cnorodnych dzia\u0142a\u0144 edukacyjnych i dzia\u0142a\u0144 ruchowych. Nauczycielki podejmuj\u0105 te\u017c dzia\u0142ania ukierunkowane na kszta\u0142towanie u dziecka umiej\u0119tno\u015bci rozpoznawania i roz\u0142adowania emocji, w\u0142a\u015bciwego reagowania na frustracj\u0119, modelowanie pozytywnych zachowa\u0144 spo\u0142ecznych, przekonanie do w\u0142a\u015bciwych postaw i ocen moralnych oraz na konsekwentne egzekwowanie od dziecka stosowania si\u0119 do ustalonych zasad i norm zachowania.<\/p><\/div><\/div><\/div><\/div><div id=\"sidebar2\" class=\"sidebar sidebar-left widget-area col-md-2 col-md-pull-7\"><div id=\"calendar-2\" class=\"sidebar-wrap clearfix widget_calendar\" style=\"text-align: justify;\">\u00a0<\/div><\/div>\t\t\t\t\t\t<\/div>\n\t\t\t\t<\/div>\n\t\t\t\t\t<\/div>\n\t\t<\/div>\n\t\t\t\t\t\t\t<\/div>\n\t\t<\/section>\n\t\t\t\t\t\t\t<\/div>\n\t\t","protected":false},"excerpt":{"rendered":"<p>NASZE PRZEDSZKOLE ZAPEWNIA DZIECIOMPOMOC PSYCHOLOGICZNO \u2013 PEDAGOGICZN\u0104 POMOC UDZIELANA JEST PRZEZ NAUCZYCIELI WYCHOWAWC\u00d3W WE WSP\u00d3\u0141PRACY ZE SPECJALISTAMI: LOGOPED\u0104, PEDAGOGIEM SPECJALNYM, PSYCHOLOGIEM ZATRUDNIONYM W PRZEDSZKOLU I PSYCHOLOGIEM Z ZESPO\u0141U PORADNI PSYCHOLOGICZNO &#8211; PEDAGOGICZNYCH NR 1. LOGOPEDA Pani Katarzyna Horabik pracuje w przedszkolu w:\u00a0poniedzia\u0142ki: w godz. 08.00 &#8211; 11.30wtorki:\u00a0 \u00a0 \u00a0 \u00a0 [&hellip;]<\/p>\n","protected":false},"author":1,"featured_media":0,"parent":4609,"menu_order":0,"comment_status":"closed","ping_status":"closed","template":"","meta":{"ngg_post_thumbnail":0},"_links":{"self":[{"href":"https:\/\/przedszkole263.edu.pl\/index.php\/wp-json\/wp\/v2\/pages\/4611"}],"collection":[{"href":"https:\/\/przedszkole263.edu.pl\/index.php\/wp-json\/wp\/v2\/pages"}],"about":[{"href":"https:\/\/przedszkole263.edu.pl\/index.php\/wp-json\/wp\/v2\/types\/page"}],"author":[{"embeddable":true,"href":"https:\/\/przedszkole263.edu.pl\/index.php\/wp-json\/wp\/v2\/users\/1"}],"replies":[{"embeddable":true,"href":"https:\/\/przedszkole263.edu.pl\/index.php\/wp-json\/wp\/v2\/comments?post=4611"}],"version-history":[{"count":50,"href":"https:\/\/przedszkole263.edu.pl\/index.php\/wp-json\/wp\/v2\/pages\/4611\/revisions"}],"predecessor-version":[{"id":18895,"href":"https:\/\/przedszkole263.edu.pl\/index.php\/wp-json\/wp\/v2\/pages\/4611\/revisions\/18895"}],"up":[{"embeddable":true,"href":"https:\/\/przedszkole263.edu.pl\/index.php\/wp-json\/wp\/v2\/pages\/4609"}],"wp:attachment":[{"href":"https:\/\/przedszkole263.edu.pl\/index.php\/wp-json\/wp\/v2\/media?parent=4611"}],"curies":[{"name":"wp","href":"https:\/\/api.w.org\/{rel}","templated":true}]}}