{"id":3182,"date":"2022-07-17T21:18:20","date_gmt":"2022-07-17T21:18:20","guid":{"rendered":"http:\/\/przedszkole263.edu.pl\/?page_id=3182"},"modified":"2023-03-09T15:19:47","modified_gmt":"2023-03-09T15:19:47","slug":"tlumacz-migam","status":"publish","type":"page","link":"https:\/\/przedszkole263.edu.pl\/index.php\/tlumacz-migam\/","title":{"rendered":"T\u0141UMACZ \u201eMIGAM\u201d"},"content":{"rendered":"\t\t<div data-elementor-type=\"wp-page\" data-elementor-id=\"3182\" class=\"elementor elementor-3182\">\n\t\t\t\t\t\t\t\t\t<section class=\"elementor-section elementor-top-section elementor-element elementor-element-f196286 elementor-section-boxed elementor-section-height-default elementor-section-height-default\" data-id=\"f196286\" data-element_type=\"section\">\n\t\t\t\t\t\t<div class=\"elementor-container elementor-column-gap-default\">\n\t\t\t\t\t<div class=\"elementor-column elementor-col-100 elementor-top-column elementor-element elementor-element-6fc6130\" data-id=\"6fc6130\" data-element_type=\"column\">\n\t\t\t<div class=\"elementor-widget-wrap elementor-element-populated\">\n\t\t\t\t\t\t\t\t<div class=\"elementor-element elementor-element-fc96e8c elementor-widget elementor-widget-text-editor\" data-id=\"fc96e8c\" data-element_type=\"widget\" data-widget_type=\"text-editor.default\">\n\t\t\t\t<div class=\"elementor-widget-container\">\n\t\t\t<style>\/*! elementor - v3.16.0 - 09-10-2023 *\/\n.elementor-widget-text-editor.elementor-drop-cap-view-stacked .elementor-drop-cap{background-color:#69727d;color:#fff}.elementor-widget-text-editor.elementor-drop-cap-view-framed .elementor-drop-cap{color:#69727d;border:3px solid;background-color:transparent}.elementor-widget-text-editor:not(.elementor-drop-cap-view-default) .elementor-drop-cap{margin-top:8px}.elementor-widget-text-editor:not(.elementor-drop-cap-view-default) .elementor-drop-cap-letter{width:1em;height:1em}.elementor-widget-text-editor .elementor-drop-cap{float:left;text-align:center;line-height:1;font-size:50px}.elementor-widget-text-editor .elementor-drop-cap-letter{display:inline-block}<\/style>\t\t\t\t<p style=\"text-align: center;\"><span style=\"font-family: arial, helvetica, sans-serif;\"><strong>Godziny dost\u0119pu do t\u0142umacza PJM:<\/strong><\/span><\/p><p style=\"text-align: center;\"><span style=\"font-family: arial, helvetica, sans-serif; color: #ff0000;\"><strong> od poniedzia\u0142ku do pi\u0105tku w godz. 7.00 &#8211; 17.30<\/strong><\/span><\/p><p>\u00a0<\/p><p style=\"text-align: center;\"><a href=\"https:\/\/tlumacz.migam.org\/warszawa-przedszkole-nr-263-mila-39\"><strong><span style=\"font-family: arial, helvetica, sans-serif;\">https:\/\/tlumacz.migam.org\/warszawa-przedszkole-nr-263-mila-39<\/span><\/strong><\/a><\/p><p><img loading=\"lazy\" class=\"alignnone size-full wp-image-3185 aligncenter\" src=\"https:\/\/przedszkole263.edu.pl\/wp-content\/uploads\/2022\/07\/obraz-2.png\" alt=\"\" width=\"186\" height=\"106\" \/><\/p><p style=\"text-align: center;\">\u00a0<\/p><p>\u00a0<\/p><p style=\"text-align: center;\">\u00a0<\/p>\t\t\t\t\t\t<\/div>\n\t\t\t\t<\/div>\n\t\t\t\t\t<\/div>\n\t\t<\/div>\n\t\t\t\t\t\t\t<\/div>\n\t\t<\/section>\n\t\t\t\t\t\t\t<\/div>\n\t\t","protected":false},"excerpt":{"rendered":"<p>Godziny dost\u0119pu do t\u0142umacza PJM: od poniedzia\u0142ku do pi\u0105tku w godz. 7.00 &#8211; 17.30 \u00a0 https:\/\/tlumacz.migam.org\/warszawa-przedszkole-nr-263-mila-39 \u00a0 \u00a0 \u00a0<\/p>\n","protected":false},"author":1,"featured_media":0,"parent":0,"menu_order":0,"comment_status":"closed","ping_status":"closed","template":"","meta":{"ngg_post_thumbnail":0},"_links":{"self":[{"href":"https:\/\/przedszkole263.edu.pl\/index.php\/wp-json\/wp\/v2\/pages\/3182"}],"collection":[{"href":"https:\/\/przedszkole263.edu.pl\/index.php\/wp-json\/wp\/v2\/pages"}],"about":[{"href":"https:\/\/przedszkole263.edu.pl\/index.php\/wp-json\/wp\/v2\/types\/page"}],"author":[{"embeddable":true,"href":"https:\/\/przedszkole263.edu.pl\/index.php\/wp-json\/wp\/v2\/users\/1"}],"replies":[{"embeddable":true,"href":"https:\/\/przedszkole263.edu.pl\/index.php\/wp-json\/wp\/v2\/comments?post=3182"}],"version-history":[{"count":23,"href":"https:\/\/przedszkole263.edu.pl\/index.php\/wp-json\/wp\/v2\/pages\/3182\/revisions"}],"predecessor-version":[{"id":8511,"href":"https:\/\/przedszkole263.edu.pl\/index.php\/wp-json\/wp\/v2\/pages\/3182\/revisions\/8511"}],"wp:attachment":[{"href":"https:\/\/przedszkole263.edu.pl\/index.php\/wp-json\/wp\/v2\/media?parent=3182"}],"curies":[{"name":"wp","href":"https:\/\/api.w.org\/{rel}","templated":true}]}}